{"id":199,"date":"2011-03-05T16:16:49","date_gmt":"2011-03-05T15:16:49","guid":{"rendered":"http:\/\/www.zvirotice.cz\/?page_id=199"},"modified":"2021-07-14T10:03:50","modified_gmt":"2021-07-14T08:03:50","slug":"hc-riverboys","status":"publish","type":"page","link":"https:\/\/www.zvirotice.cz\/?page_id=199","title":{"rendered":"HC Riverboys"},"content":{"rendered":"<p>Odkaz na webov\u00e9 str\u00e1nky na\u0161eho hokejov\u00e9ho dru\u017estva<br \/>\n<a title=\"HC Riverboys\" href=\"http:\/\/www.riverboyszvirotice.cz\" target=\"_blank\" rel=\"noopener\">http:\/\/www.riverboyszvirotice.cz<\/a><\/p>\n","protected":false},"excerpt":{"rendered":"<p>Odkaz na webov\u00e9 str\u00e1nky na\u0161eho hokejov\u00e9ho dru\u017estva http:\/\/www.riverboyszvirotice.cz<\/p>\n","protected":false},"author":4,"featured_media":0,"parent":0,"menu_order":0,"comment_status":"closed","ping_status":"closed","template":"","meta":{"footnotes":""},"class_list":["post-199","page","type-page","status-publish","hentry"],"_links":{"self":[{"href":"https:\/\/www.zvirotice.cz\/index.php?rest_route=\/wp\/v2\/pages\/199","targetHints":{"allow":["GET"]}}],"collection":[{"href":"https:\/\/www.zvirotice.cz\/index.php?rest_route=\/wp\/v2\/pages"}],"about":[{"href":"https:\/\/www.zvirotice.cz\/index.php?rest_route=\/wp\/v2\/types\/page"}],"author":[{"embeddable":true,"href":"https:\/\/www.zvirotice.cz\/index.php?rest_route=\/wp\/v2\/users\/4"}],"replies":[{"embeddable":true,"href":"https:\/\/www.zvirotice.cz\/index.php?rest_route=%2Fwp%2Fv2%2Fcomments&post=199"}],"version-history":[{"count":2,"href":"https:\/\/www.zvirotice.cz\/index.php?rest_route=\/wp\/v2\/pages\/199\/revisions"}],"predecessor-version":[{"id":84084,"href":"https:\/\/www.zvirotice.cz\/index.php?rest_route=\/wp\/v2\/pages\/199\/revisions\/84084"}],"wp:attachment":[{"href":"https:\/\/www.zvirotice.cz\/index.php?rest_route=%2Fwp%2Fv2%2Fmedia&parent=199"}],"curies":[{"name":"wp","href":"https:\/\/api.w.org\/{rel}","templated":true}]}}