{"id":2,"date":"2009-06-05T09:14:37","date_gmt":"2009-06-05T07:14:37","guid":{"rendered":"http:\/\/www.zvirotice.cz\/?page_id=2"},"modified":"2021-07-15T15:12:29","modified_gmt":"2021-07-15T13:12:29","slug":"o-webu","status":"publish","type":"page","link":"https:\/\/www.zvirotice.cz\/?page_id=2","title":{"rendered":"Samospr\u00e1va"},"content":{"rendered":"<p class=\"MsoNormal\" style=\"text-justify: inter-ideograph; text-align: justify; margin: 0cm 0cm 0pt;\">Zv\u00edrotice jsou sou\u010d\u00e1st\u00ed, osadou, obce <a href=\"http:\/\/www.dublovice.cz\">Dublovice<\/a>. Osada se nach\u00e1z\u00ed na prav\u00e9m b\u0159ehu Vltavy v\u00a0horn\u00ed \u010d\u00e1sti Slapsk\u00e9 p\u0159ehradn\u00ed n\u00e1dr\u017ee asi 5km severoz\u00e1padn\u011b od Dublovic.<\/p>\n<div id=\"attachment_129\" style=\"width: 430px\" class=\"wp-caption aligncenter\"><a href=\"https:\/\/www.zvirotice.cz\/wp-content\/uploads\/2010\/12\/Zvirotice_letecky1.jpg\"><img loading=\"lazy\" decoding=\"async\" aria-describedby=\"caption-attachment-129\" class=\"size-medium wp-image-129 \" title=\"Leteck\u00fd pohled\" src=\"https:\/\/www.zvirotice.cz\/wp-content\/uploads\/2010\/12\/Zvirotice_letecky1-300x225.jpg\" alt=\"Leteck\u00fd pohled\" width=\"420\" height=\"230\" \/><\/a><p id=\"caption-attachment-129\" class=\"wp-caption-text\">Leteck\u00fd pohled<\/p><\/div>\n<p class=\"MsoNormal\" style=\"text-align: center; margin: 0cm 0cm 0pt;\">(foto <a title=\"zdroj\" href=\"http:\/\/www.mechy.cz\/PPG\/030722\/030722.htm\" target=\"_blank\" rel=\"noopener noreferrer\">zdroj<\/a>)<\/p>\n<p class=\"MsoNormal\" style=\"text-justify: inter-ideograph; text-align: justify; margin: 0cm 0cm 0pt;\">Zv\u00edrotice jsou p\u0159\u00edstupn\u00e9 po silnici z\u00a0Dublovic a tak\u00e9 cestami z\u00a0L\u00edchov (ze silnice \u010d.18) a z\u00a0K\u0159epenic (ze silnice \u010d.119).<\/p>\n<div id=\"attachment_74\" style=\"width: 430px\" class=\"wp-caption aligncenter\"><a href=\"https:\/\/www.zvirotice.cz\/wp-content\/uploads\/2010\/12\/Zvirotice_mapa.jpg\"><img loading=\"lazy\" decoding=\"async\" aria-describedby=\"caption-attachment-74\" class=\"size-medium wp-image-74 \" title=\"Mapa Zv\u00edrotic a okol\u00ed\" src=\"https:\/\/www.zvirotice.cz\/wp-content\/uploads\/2010\/12\/Zvirotice_mapa-300x203.jpg\" alt=\"Satelitn\u00ed mapa s polohou Zv\u00edrotic (zdroj Google Maps)\" width=\"420\" height=\"230\" \/><\/a><p id=\"caption-attachment-74\" class=\"wp-caption-text\">Zv\u00edrotice a okol\u00ed<\/p><\/div>\n<p class=\"MsoNormal\" style=\"text-justify: inter-ideograph; text-align: justify; margin: 0cm 0cm 0pt;\">Obec Dublovice, m\u00e1 celkem 1006 obyvatel, a tvo\u0159\u00ed ji tyto \u010d\u00e1sti: B\u0159ekova Lhota, Dublovice, Chramosty, L\u00edchovy a Zv\u00edrotice.<\/p>\n<p class=\"MsoNormal\" style=\"text-justify: inter-ideograph; text-align: justify; margin: 0cm 0cm 0pt;\">Samotn\u00e9 Zv\u00edrotice maj\u00ed cca 130 trvale bydl\u00edc\u00edch obyvatel, v osad\u011b je d\u00e1le cel\u00e1 \u0159ada rekrea\u010dn\u00edch objekt\u016f (44 chat a chalup), ale skute\u010dn\u00fd po\u010det obyvatel v\u00fdznamn\u011b p\u0159evy\u0161uje po\u010det trvale bydl\u00edc\u00edch obyvatel.<\/p>\n<p class=\"MsoNormal\" style=\"text-justify: inter-ideograph; text-align: justify; margin: 0cm 0cm 0pt;\">S\u00eddlo obecn\u00edho \u00fa\u0159adu je v Dublovic\u00edch. Obec je spravov\u00e1na sv\u00fdmi zastupiteli, veden\u00fdmi starostou.<\/p>\n<p><strong>Zastupitelsto obce:<\/strong><\/p>\n<p><a href=\"http:\/\/dublovice.cz\/zastupitelstvo-obce\/os-50\/p1=58\" target=\"_blank\" rel=\"noopener noreferrer\">Odkaz na str\u00e1nky obce ZDE.<\/a><\/p>\n<p>Zastupitelstvo se sch\u00e1z\u00ed na ve\u0159ejn\u00fdch zased\u00e1n\u00edch, kter\u00e9 se konaj\u00ed zpravidla ka\u017ed\u00e9 posledn\u00ed \u00fater\u00fd v m\u011bs\u00edci (vyjma letn\u00edch pr\u00e1zdnin, apod.). Osady zastupuj\u00ed \u2018Osadn\u00ed v\u00fdbory\u2019, jejich \u010dlenov\u00e9 v\u0161ak nemaj\u00ed p\u0159i jednan\u00edch zastupitelstva dle z\u00e1kona hlasovac\u00ed pr\u00e1vo. V ot\u00e1zk\u00e1ch, t\u00fdkaj\u00edc\u00edch se p\u0159\u00edmo jednotliv\u00fdch osad, starosta zpravidla konzultuje stanovisko \u010dlen\u016f p\u0159\u00edslu\u0161n\u00e9ho Osadn\u00edho v\u00fdboru. Ob\u010dan\u00e9 se mohou bu\u010f jedn\u00e1n\u00ed \u00fa\u010dastnit p\u0159\u00edmo, nebo vzn\u00e1\u0161et sv\u00e9 podn\u011bty a dotazy prost\u0159ednictv\u00edm sv\u00e9ho Osadn\u00edho v\u00fdboru. Informace o term\u00ednech a programu zased\u00e1n\u00ed zastupitelstva jsou zve\u0159ej\u0148ov\u00e1ny na \u00da\u0159edn\u00ed desce (u n\u00e1s ve Zv\u00edrotic\u00edch u autobusov\u00e9 zast\u00e1vky) nebo je lze z\u00edskat u \u010dlen\u016f Osadn\u00edho v\u00fdboru.<\/p>\n<p><strong>Osadn\u00ed v\u00fdbor Zv\u00edrotic:<\/strong><br \/>\nIng.Josef Holan, tel.: 602299417, e-mail: <a href=\"mailto:jholan@tiscali.cz\">jholan@tiscali.cz<\/a><br \/>\nJan R\u00fddl<br \/>\nDalibor Wittich<\/p>\n<p>Ka\u017ed\u00fd m\u011bs\u00edc vyd\u00e1v\u00e1 Obecn\u00ed \u00fa\u0159ad obecn\u00ed zpravodaj Dublovick\u00fd buben\u00edk, kter\u00fd obsahuje b\u011b\u017en\u00e9 informace t\u00fdkaj\u00edc\u00ed se chodu obce i u\u017eite\u010dn\u00e9 a praktick\u00e9 rady.<br \/>\nNa Obecn\u00edm \u00fa\u0159adu ordinuje praktick\u00fd i d\u011btsk\u00fd l\u00e9ka\u0159 a nach\u00e1z\u00ed se zde knihovna. Obec zaji\u0161\u0165uje sb\u011br a zpracov\u00e1n\u00ed odpad\u016f, kter\u00e9 je upraveno obecn\u00edmi vyhl\u00e1\u0161kami. Aktu\u00e1ln\u00ed informace o t\u011bchto p\u0159\u00edpadn\u011b dal\u0161\u00edch slu\u017eb\u00e1ch jsou zve\u0159ej\u0148ov\u00e1ny v \u201eDublovick\u00e9m buben\u00edku&#8220;.<br \/>\nObecn\u00ed \u00fa\u0159ad je z\u0159izovatelem Z\u00e1kladn\u00ed \u0161koly a Mate\u0159sk\u00e9 \u0161koly v Dublovic\u00edch.<\/p>\n<p>&nbsp;<\/p>\n<p><strong>Adresa <\/strong>obecn\u00edho \u00fa\u0159adu je Dublovice 33, 262 51 Dublovice<br \/>\n<strong>Webov\u00e9 str\u00e1nky\u00a0<\/strong>obecn\u00edho \u00fa\u0159adu\u00a0<a href=\"http:\/\/www.dublovice.cz\" target=\"_blank\" rel=\"noopener noreferrer\">www.dublovice.cz<\/a><strong><br \/>\nTelefon<\/strong>: 602 307 247, 724 184 083, 318 821 121<strong><br \/>\nE-mail<\/strong> (starosta): <a href=\"mailto:obec@dublovice.cz\">obec@dublovice.cz<\/a><\/p>\n<p><strong>\u00da\u0159edn\u00ed hodiny<\/strong> obecn\u00edho \u00fa\u0159adu jsou:<br \/>\nPo,St: 7:30-12:00 12:30-17:00<br \/>\n\u00dat,\u010ct: 7:30-12:00 12:30-15:30<br \/>\nP\u00e1: 7:30-12:00 12:30-15:00.<\/p>\n","protected":false},"excerpt":{"rendered":"<p>Zv\u00edrotice jsou sou\u010d\u00e1st\u00ed, osadou, obce Dublovice. Osada se nach\u00e1z\u00ed na prav\u00e9m b\u0159ehu Vltavy v\u00a0horn\u00ed \u010d\u00e1sti Slapsk\u00e9 p\u0159ehradn\u00ed n\u00e1dr\u017ee asi 5km severoz\u00e1padn\u011b od Dublovic. (foto zdroj) Zv\u00edrotice jsou p\u0159\u00edstupn\u00e9 po silnici z\u00a0Dublovic a tak\u00e9 cestami&#46;&#46;&#46;<\/p>\n","protected":false},"author":1,"featured_media":0,"parent":0,"menu_order":0,"comment_status":"closed","ping_status":"closed","template":"","meta":{"footnotes":""},"class_list":["post-2","page","type-page","status-publish","hentry"],"_links":{"self":[{"href":"https:\/\/www.zvirotice.cz\/index.php?rest_route=\/wp\/v2\/pages\/2","targetHints":{"allow":["GET"]}}],"collection":[{"href":"https:\/\/www.zvirotice.cz\/index.php?rest_route=\/wp\/v2\/pages"}],"about":[{"href":"https:\/\/www.zvirotice.cz\/index.php?rest_route=\/wp\/v2\/types\/page"}],"author":[{"embeddable":true,"href":"https:\/\/www.zvirotice.cz\/index.php?rest_route=\/wp\/v2\/users\/1"}],"replies":[{"embeddable":true,"href":"https:\/\/www.zvirotice.cz\/index.php?rest_route=%2Fwp%2Fv2%2Fcomments&post=2"}],"version-history":[{"count":26,"href":"https:\/\/www.zvirotice.cz\/index.php?rest_route=\/wp\/v2\/pages\/2\/revisions"}],"predecessor-version":[{"id":1339,"href":"https:\/\/www.zvirotice.cz\/index.php?rest_route=\/wp\/v2\/pages\/2\/revisions\/1339"}],"wp:attachment":[{"href":"https:\/\/www.zvirotice.cz\/index.php?rest_route=%2Fwp%2Fv2%2Fmedia&parent=2"}],"curies":[{"name":"wp","href":"https:\/\/api.w.org\/{rel}","templated":true}]}}