{"id":372,"date":"2012-01-17T17:36:19","date_gmt":"2012-01-17T16:36:19","guid":{"rendered":"http:\/\/www.zvirotice.cz\/?page_id=372"},"modified":"2021-07-14T10:04:29","modified_gmt":"2021-07-14T08:04:29","slug":"rozpisy-tymu-v-turnaji-sedmy","status":"publish","type":"page","link":"https:\/\/www.zvirotice.cz\/?page_id=372","title":{"rendered":"Soupiska t\u00fdm\u016f  v turnaji sedmy"},"content":{"rendered":"<p style=\"text-align: center;\"><strong>P\u0159\u00ed\u010dovy<\/strong>:<br \/>\nKymla Pavel<br \/>\nKymlov\u00e1 Radka<br \/>\nLerch Zden\u011bk<br \/>\nLerch Zden\u011bk ml.<br \/>\nB\u00e9m Lubo\u0161<br \/>\nHumhal Ji\u0159\u00ed<\/p>\n<p style=\"text-align: center;\"><strong>Zv\u00edrotice 1<\/strong>:<br \/>\n\u010canda Martin<br \/>\nHolan Jo\u017eka<br \/>\nPrinc Ros\u0165a<br \/>\nBican Petr<\/p>\n<p style=\"text-align: center;\"><strong>Zv\u00edrotice 2<\/strong>:<br \/>\nLinha Franta<br \/>\nBaloun M\u00edra<br \/>\nKadlec Franta<br \/>\nVit\u00e1sek M\u00edra<\/p>\n<p style=\"text-align: center;\"><strong>Sedl\u010dany<\/strong>:<br \/>\nKrupi\u010dka Petr<br \/>\n\u0158\u00edha M\u00edra<br \/>\nEr\u0161ek Josef<br \/>\n\u0160kodov\u00e1 Jarka<\/p>\n<p style=\"text-align: center;\"><strong>Dublovice 1<\/strong>:<br \/>\nValta Vlasta<br \/>\nJel\u00ednek Zden\u011bk<br \/>\nBertony Milan<br \/>\nDufek Libor<br \/>\nLapka Zden\u011bk<\/p>\n<p style=\"text-align: center;\"><strong>Dublovice 2<\/strong>:<br \/>\nKry\u0161tov Milo\u0161<br \/>\nDemen Jarda<br \/>\nValtov\u00e1 Monika<br \/>\n\u0158\u00edha Pavel<br \/>\nMacha\u010d Lubo\u0161<br \/>\n\u0160er\u00e1k Jarda<\/p>\n","protected":false},"excerpt":{"rendered":"<p>P\u0159\u00ed\u010dovy: Kymla Pavel Kymlov\u00e1 Radka Lerch Zden\u011bk Lerch Zden\u011bk ml. B\u00e9m Lubo\u0161 Humhal Ji\u0159\u00ed Zv\u00edrotice 1: \u010canda Martin Holan Jo\u017eka Princ Ros\u0165a Bican Petr Zv\u00edrotice 2: Linha Franta Baloun M\u00edra Kadlec Franta Vit\u00e1sek M\u00edra&#46;&#46;&#46;<\/p>\n","protected":false},"author":4,"featured_media":0,"parent":345,"menu_order":1,"comment_status":"closed","ping_status":"closed","template":"","meta":{"footnotes":""},"class_list":["post-372","page","type-page","status-publish","hentry"],"_links":{"self":[{"href":"https:\/\/www.zvirotice.cz\/index.php?rest_route=\/wp\/v2\/pages\/372","targetHints":{"allow":["GET"]}}],"collection":[{"href":"https:\/\/www.zvirotice.cz\/index.php?rest_route=\/wp\/v2\/pages"}],"about":[{"href":"https:\/\/www.zvirotice.cz\/index.php?rest_route=\/wp\/v2\/types\/page"}],"author":[{"embeddable":true,"href":"https:\/\/www.zvirotice.cz\/index.php?rest_route=\/wp\/v2\/users\/4"}],"replies":[{"embeddable":true,"href":"https:\/\/www.zvirotice.cz\/index.php?rest_route=%2Fwp%2Fv2%2Fcomments&post=372"}],"version-history":[{"count":15,"href":"https:\/\/www.zvirotice.cz\/index.php?rest_route=\/wp\/v2\/pages\/372\/revisions"}],"predecessor-version":[{"id":84086,"href":"https:\/\/www.zvirotice.cz\/index.php?rest_route=\/wp\/v2\/pages\/372\/revisions\/84086"}],"up":[{"embeddable":true,"href":"https:\/\/www.zvirotice.cz\/index.php?rest_route=\/wp\/v2\/pages\/345"}],"wp:attachment":[{"href":"https:\/\/www.zvirotice.cz\/index.php?rest_route=%2Fwp%2Fv2%2Fmedia&parent=372"}],"curies":[{"name":"wp","href":"https:\/\/api.w.org\/{rel}","templated":true}]}}