{"id":506,"date":"2012-04-20T14:32:47","date_gmt":"2012-04-20T12:32:47","guid":{"rendered":"http:\/\/www.zvirotice.cz\/?page_id=506"},"modified":"2021-07-14T10:03:43","modified_gmt":"2021-07-14T08:03:43","slug":"fotogalerie-akci","status":"publish","type":"page","link":"https:\/\/www.zvirotice.cz\/?page_id=506","title":{"rendered":"Fotogalerie akc\u00ed"},"content":{"rendered":"<p>Fotogalerie z akc\u00ed, kter\u00e9 se po\u0159\u00e1daly u n\u00e1s, nebo z n\u011bjak\u00e9ho d\u016fvodu jsou n\u00e1m bl\u00edzk\u00e9..<\/p>\n<p><em><strong>Rok 2018<\/strong><\/em><\/p>\n<p><a href=\"https:\/\/photos.app.goo.gl\/5j3nNo9UWjvQNehr9\">15.9.2018 Brig\u00e1da &#8211; \u00faprava ter\u00e9nu u hasi\u010d\u00e1rny<\/a><\/p>\n<p><a href=\"https:\/\/photos.app.goo.gl\/db3neT47z5LUYKbc2\">31.3.2018 Zv\u00edrotick\u00fd pr\u0161\u00ed\u010dk\u00e1\u0159<\/a><\/p>\n<p><a href=\"https:\/\/photos.app.goo.gl\/9IRoVL4ZsgNbjq4g2\">25.3.2018 Zkou\u0161ka hasi\u010dsk\u00e9 st\u0159\u00edka\u010dky po oprav\u011b<\/a><\/p>\n<p><a href=\"https:\/\/photos.app.goo.gl\/MRyx3QsgDgZkkcYh2\">24.3.2018 Brig\u00e1da &#8211; \u00faklid v obci<\/a><\/p>\n<p><em><strong>Rok 2017<\/strong><\/em><\/p>\n<p><a href=\"http:\/\/pepes11.rajce.idnes.cz\/akce_Hasicarna\/\">9\/2017 P\u00e1r fotek z leto\u0161n\u00edch akc\u00ed<\/a><\/p>\n<p><a href=\"https:\/\/goo.gl\/photos\/nQqKxjDeQyPf8Sk8A\" target=\"_blank\" rel=\"noopener noreferrer\">6.5.2017 Okrskov\u00e1 sout\u011b\u017e SDH v Dublovic\u00edch.<\/a><\/p>\n<p><a href=\"https:\/\/goo.gl\/photos\/RcKaP1z6RbEzL5vo7\" target=\"_blank\" rel=\"noopener noreferrer\">6.5.2017 Bal\u00f3ny ve Zv\u00edrotic\u00edch<\/a><\/p>\n<p><a href=\"https:\/\/goo.gl\/photos\/mJSaA22xBZjHYXik8\" target=\"_blank\" rel=\"noopener noreferrer\">6.5.2017 Sedl\u010dany, uk\u00e1zka mal\u00fdch hasi\u010d\u016f a vystoupen\u00ed tane\u010dn\u00edho krou\u017eku (kde m\u016f\u017eete poznat i dv\u011b zv\u00edro\u0165andy)<\/a><\/p>\n<p><a href=\"https:\/\/goo.gl\/photos\/qiLtv4wcXBVQf8Qb7\" target=\"_blank\" rel=\"noopener noreferrer\">30.4.2017 \u010carod\u011bjnice a stav\u011bn\u00ed m\u00e1jky<\/a><\/p>\n<p><a href=\"http:\/\/pepes11.rajce.idnes.cz\/CARODEJNICE_2017\/\" target=\"_blank\" rel=\"noopener noreferrer\">30.4.2017 \u010carod\u011bjnice dal\u0161\u00ed fotky<\/a><\/p>\n<p><a href=\"http:\/\/pepes11.rajce.idnes.cz\/ZVIROTICKY_PRSICKAR_24ROCNIK_16.4.2017_25_rocnik\/\" target=\"_blank\" rel=\"noopener noreferrer\">15.4.2017 Zv\u00edrotick\u00fd pr\u0161\u00ed\u010dk\u00e1\u0159<\/a><\/p>\n<p><a href=\"http:\/\/pepes11.rajce.idnes.cz\/SEDMA_26.3.2017\/\" target=\"_blank\" rel=\"noopener noreferrer\">26.3.2017 K\u0159\u00ed\u017eov\u00e1 sedma &#8211; vyhl\u00e1\u0161en\u00ed v\u00fdsledk\u016f<\/a><\/p>\n<p><a href=\"http:\/\/pepes11.rajce.idnes.cz\/TATARAK_18.2.2017\/\" target=\"_blank\" rel=\"noopener noreferrer\">18.2.2017 Tatar\u00e1k a country<\/a><\/p>\n<p><a href=\"http:\/\/pepes11.rajce.idnes.cz\/VYROCNI_SCHUZE_HASICU_28.1.2017\/\" target=\"_blank\" rel=\"noopener noreferrer\">28.1.2017 V\u00fdro\u010dn\u00ed sch\u016fze SDH<\/a><\/p>\n<p><em><strong>Rok 2016<\/strong><\/em><\/p>\n<p><a href=\"https:\/\/goo.gl\/photos\/XBomraDD14AThUtq7\" target=\"_blank\" rel=\"noopener noreferrer\">12.11.2016 Brig\u00e1da SDH Zv\u00edrotice<\/a><\/p>\n<p><a href=\"http:\/\/pepes11.rajce.idnes.cz\/ZVIROTICKY_PRSICKAR_24ROCNIK_29.10.2106\/\" target=\"_blank\" rel=\"noopener noreferrer\">29.10.2016 Zv\u00edrotick\u00fd pr\u0161\u00ed\u010dk\u00e1\u0159<\/a><\/p>\n<p><a href=\"https:\/\/goo.gl\/photos\/EAb1MzJghfKbr49BA\" target=\"_blank\" rel=\"noopener noreferrer\">29.10.2016 Draki\u00e1da<\/a><\/p>\n<p><a href=\"http:\/\/pepes11.rajce.idnes.cz\/COUNTRY_HASICARNA_9.9.2016\/\" target=\"_blank\" rel=\"noopener noreferrer\">9.9.2016 Country posezen\u00ed<\/a><\/p>\n<p><a href=\"https:\/\/goo.gl\/photos\/3Zx6QF8HuNyVge2v8\" target=\"_blank\" rel=\"noopener noreferrer\">23.7.2016 Z\u00e1bava po\u0159\u00e1dan\u00e1 SDH Zv\u00edrotice<\/a><\/p>\n<p><a href=\"https:\/\/goo.gl\/photos\/qaoMb7G3b3nbcVqU9\" target=\"_blank\" rel=\"noopener noreferrer\">26.6.2016 Brig\u00e1da SDH Zv\u00edrotice<\/a><\/p>\n<p><a href=\"http:\/\/pepes11.rajce.idnes.cz\/CARODEJNICE_2016\" target=\"_blank\" rel=\"noopener noreferrer\">30.4.2016 \u010carod\u011bjnice<\/a><\/p>\n<p><a href=\"http:\/\/pepes11.rajce.idnes.cz\/jarni_uklid_2.4.2016\" target=\"_blank\" rel=\"noopener noreferrer\">2.4.2016 Brig\u00e1da &#8211; \u00faklid obce<\/a><\/p>\n<p><a href=\"http:\/\/pepes11.rajce.idnes.cz\/SEDMA_DUBLOVICE_19.3.2106\" target=\"_blank\" rel=\"noopener noreferrer\">19.3.2016 K\u0159\u00ed\u017eov\u00e1 Sedma &#8211; Dublovice<\/a><\/p>\n<p><a href=\"http:\/\/pepes11.rajce.idnes.cz\/Valentynska_zabijacka\" target=\"_blank\" rel=\"noopener noreferrer\">13.2.2016 Valent\u00fdnsk\u00e1 zab\u00edja\u010dka<\/a><\/p>\n<p><em><strong>Rok 2015<\/strong><\/em><\/p>\n<p><a href=\"http:\/\/pepes11.rajce.idnes.cz\/rozsveceni_vanocniho_stromu_2015\" target=\"_blank\" rel=\"noopener noreferrer\">28.11.2015 V\u00e1no\u010dn\u00ed strom<\/a><\/p>\n<p><a href=\"https:\/\/goo.gl\/photos\/nYJMWZwxKmyN9CtQ9\" target=\"_blank\" rel=\"noopener noreferrer\">28.11.2015 V\u00e1no\u010dn\u00ed strom &#8211; kapela bratr\u016f Tom\u00e1\u0161kov\u00fdch<\/a><\/p>\n<p><a href=\"http:\/\/pepes11.rajce.idnes.cz\/PRSICKAR_31.10.2105\">Zvirotick\u00fd pr\u0161\u00ed\u010dk\u00e1\u0159 31,10,2015<\/a><\/p>\n<p><a href=\"http:\/\/pepes11.rajce.idnes.cz\/DRAKIADA_2015_24.10.2015\" target=\"_blank\" rel=\"noopener noreferrer\">24.10.2015 Draki\u00e1da<\/a><\/p>\n<p><a href=\"https:\/\/goo.gl\/photos\/RfEN8qS2HuLkNisN6\" target=\"_blank\" rel=\"noopener noreferrer\">30.5.2015 SDH Zv\u00edrotice brig\u00e1da<\/a><\/p>\n<p><a href=\"https:\/\/goo.gl\/photos\/yeNFMsgFmZvPUXJJ6\" target=\"_blank\" rel=\"noopener noreferrer\">30.4.2015 \u010carod\u011bjnice a stav\u011bn\u00ed m\u00e1jky<\/a><\/p>\n<p><a href=\"http:\/\/pepes11.rajce.idnes.cz\/CARODEJNICE_2015\/\" target=\"_blank\" rel=\"noopener noreferrer\">30.4.2015 \u010carod\u011bjnice &#8211; dal\u0161\u00ed fotky<\/a><\/p>\n<p><a href=\"http:\/\/pepes11.rajce.idnes.cz\/PRSICKAR_4.4.2015\/\" target=\"_blank\" rel=\"noopener noreferrer\">4.4.2015 Zv\u00edrotick\u00fd pr\u0161\u00ed\u010dk\u00e1\u0159<\/a><\/p>\n<p><em><strong>Rok 2014<\/strong><\/em><\/p>\n<p><a href=\"https:\/\/goo.gl\/photos\/FJjzNi88KSaD1sZ39\" target=\"_blank\" rel=\"noopener noreferrer\">29.11.2014 V\u00e1no\u010dn\u00ed strom<\/a><\/p>\n<p><a href=\"http:\/\/pepes11.rajce.idnes.cz\/PRSI_25.10.2014_Zviroticka_hasicarna\/\" target=\"_blank\" rel=\"noopener noreferrer\">25.10.2014 Zv\u00edrotick\u00fd pr\u0161\u00ed\u010dk\u00e1\u0159<\/a><\/p>\n<p><a href=\"https:\/\/goo.gl\/photos\/QdXrsmYQ7frjb4V58\" target=\"_blank\" rel=\"noopener noreferrer\">26.7.2014 Oslava 100 let SDH Zv\u00edrotice<\/a><\/p>\n<p><a href=\"http:\/\/pepes11.rajce.idnes.cz\/100LET_HASICU_ZVIROTICE_26.7.2014\" target=\"_blank\" rel=\"noopener noreferrer\">26.7.2014 100 let SDH &#8211; dal\u0161\u00ed fotky<\/a><\/p>\n<p><a href=\"https:\/\/goo.gl\/photos\/NF9SqsbFwUhjGsUR9\" target=\"_blank\" rel=\"noopener noreferrer\">21.6.2014 SDH brig\u00e1da &#8211; \u010di\u0161t\u011bn\u00ed studny<\/a><\/p>\n<p><a href=\"https:\/\/goo.gl\/photos\/5eSq1sq3Jt4PDNkN9\" target=\"_blank\" rel=\"noopener noreferrer\">14.6.2014 SDH &#8211; sout\u011b\u017e o starost\u016fv poh\u00e1r P\u0159\u00ed\u010dovy<\/a><\/p>\n<p><a href=\"https:\/\/goo.gl\/photos\/vGUsf9MQzGBZgGZV8\" target=\"_blank\" rel=\"noopener noreferrer\">7.6.2014 SDH &#8211; n\u00e1cvik u spr\u00e1vn\u00ed budovy<\/a><\/p>\n<p><a href=\"https:\/\/goo.gl\/photos\/53aXT58DnTHQyMdG9\" target=\"_blank\" rel=\"noopener noreferrer\">31.5.2014 SDH &#8211; cvi\u010den\u00ed u spr\u00e1vn\u00ed budovy<\/a><\/p>\n<p><a href=\"https:\/\/goo.gl\/photos\/YHp5BRkHmxUvHfJi8\" target=\"_blank\" rel=\"noopener noreferrer\">17.5.2014 SDH &#8211; brig\u00e1da<\/a><\/p>\n<p><a href=\"https:\/\/goo.gl\/photos\/Qt1JSgajUs1GcKXf6\" target=\"_blank\" rel=\"noopener noreferrer\">30.4.2014 \u010carod\u011bjnice a stav\u011bn\u00ed m\u00e1jky<\/a><\/p>\n<p><a href=\"http:\/\/pepes11.rajce.idnes.cz\/PRSICKAR_19.4.2014\/\" target=\"_blank\" rel=\"noopener noreferrer\">19.4.2014 Zv\u00edrotick\u00fd pr\u0161\u00ed\u010dk\u00e1\u0159<\/a><\/p>\n<p><a href=\"https:\/\/goo.gl\/photos\/GS7NxAJD1L9iTpxu5\" target=\"_blank\" rel=\"noopener noreferrer\">duben 2014 \u00a0&#8211; dokon\u010den\u00ed rekonstrukce hasi\u010d\u00e1rny<\/a><\/p>\n<p><a href=\"https:\/\/goo.gl\/photos\/rxmspb38TyJd2ba16\" target=\"_blank\" rel=\"noopener noreferrer\">duben 2014 &#8211; rekonstrukce hasi\u010d\u00e1rny<\/a><\/p>\n<p><a href=\"https:\/\/goo.gl\/photos\/WNn2TKAcXugegG7F7\" target=\"_blank\" rel=\"noopener noreferrer\">b\u0159ezen 2014 &#8211; rekonstrukce hasi\u010d\u00e1rny<\/a><\/p>\n<p><a href=\"https:\/\/goo.gl\/photos\/HTJuFd2ybdwQJSNC6\" target=\"_blank\" rel=\"noopener noreferrer\">8.2.2014 &#8211; za\u010d\u00e1tek prac\u00ed na rekonstrukci hasi\u010d\u00e1rny &#8211; bour\u00e1n\u00ed<\/a><\/p>\n<p><a href=\"https:\/\/goo.gl\/photos\/w5uSGGY6S8SkkMkH8\" target=\"_blank\" rel=\"noopener noreferrer\">1.2.2014 &#8211; za\u010d\u00e1tek prac\u00ed na rekonstrukci hasi\u010d\u00e1rny &#8211; vykl\u00edzen\u00ed<\/a><\/p>\n<p><em><strong>Rok 2013<\/strong><\/em><\/p>\n<p><a href=\"https:\/\/goo.gl\/photos\/VYA2hsXseKd53chPA\" target=\"_blank\" rel=\"noopener noreferrer\">Silvestr 2013<\/a><\/p>\n<p><a href=\"https:\/\/goo.gl\/photos\/f3kY99k4hKbZbSeY7\" target=\"_blank\" rel=\"noopener noreferrer\">31.12.2013 Silvestrovsk\u00fd fotb\u00e1lek<\/a><\/p>\n<p><a href=\"https:\/\/goo.gl\/photos\/6SeNuUrrj7romgvM8\" target=\"_blank\" rel=\"noopener noreferrer\">24.12.2013 P\u016flno\u010dn\u00ed na n\u00e1vsi<\/a><\/p>\n<p><a href=\"https:\/\/goo.gl\/photos\/ZMJd4v9TYXBrZXHUA\" target=\"_blank\" rel=\"noopener noreferrer\">24.12.2013 V\u00e1no\u010dn\u00ed fotb\u00e1lek<\/a><\/p>\n<p><a href=\"https:\/\/goo.gl\/photos\/ysT46tSF2Zu498Dw9\" target=\"_blank\" rel=\"noopener noreferrer\">7.12.2013 Oprava zlomen\u00e9ho v\u00e1no\u010dn\u00edho stromu<\/a><\/p>\n<p><a href=\"https:\/\/goo.gl\/photos\/rvd8765d72tS8UFe9\" target=\"_blank\" rel=\"noopener noreferrer\">30.11.2013 P\u0159\u00edprava a rozsv\u00edcen\u00ed v\u00e1no\u010dn\u00edho stromu<\/a><\/p>\n<p><a href=\"https:\/\/goo.gl\/photos\/jou9az6wV6VKPtgm8\" target=\"_blank\" rel=\"noopener noreferrer\">21.9. &#8211; 28.9.2013 Stavba nov\u00e9 st\u0159echy na hasi\u010d\u00e1rn\u011b<\/a><\/p>\n<p><a href=\"https:\/\/goo.gl\/photos\/uj4bnxPitXUyQdC18\" target=\"_blank\" rel=\"noopener noreferrer\">14.9.2013 SDH &#8211; sb\u011br \u017eeleza<\/a><\/p>\n<p><a href=\"https:\/\/goo.gl\/photos\/UxRBapUpGpRLqYg8A\" target=\"_blank\" rel=\"noopener noreferrer\">9.9.2013 Bagrov\u00e1n\u00ed hromosvodu u hasi\u010d\u00e1rny<\/a><\/p>\n<p><a href=\"https:\/\/goo.gl\/photos\/psukobMbWoguHKhV9\" target=\"_blank\" rel=\"noopener noreferrer\">25.8. &#8211; 8.9.2013 Oprava fas\u00e1dy na v\u011b\u017ei hasi\u010d\u00e1rny<\/a><\/p>\n<p><a href=\"https:\/\/goo.gl\/photos\/Qu6L92rDyYDKVfz89\" target=\"_blank\" rel=\"noopener noreferrer\">24.8.2013 Stavba le\u0161en\u00ed okolo v\u011b\u017ee<\/a><\/p>\n<p><a href=\"https:\/\/goo.gl\/photos\/ubBrCvX7ocg9xX1T6\" target=\"_blank\" rel=\"noopener noreferrer\">23.8.2013 Hl\u00edd\u00e1n\u00ed le\u0161en\u00ed s grilov\u00e1n\u00edm u hasi\u010d\u00e1rny<\/a><\/p>\n<p><a href=\"https:\/\/goo.gl\/photos\/2SSpPPSuF81sj1U39\" target=\"_blank\" rel=\"noopener noreferrer\">18.8.2013 Cvi\u010den\u00ed hasi\u010d\u016f &#8211; R\u00fddlovi a zv\u00ed\u0159ata<\/a><\/p>\n<p><a href=\"https:\/\/goo.gl\/photos\/rULfpCVXhb6Howcx8\" target=\"_blank\" rel=\"noopener noreferrer\">18.8.2013 Cvi\u010den\u00ed hasi\u010d\u016f &#8211; Martin \u010canda a zv\u00ed\u0159ata<\/a><\/p>\n<p><a href=\"https:\/\/goo.gl\/photos\/gJj6ribt5qnmUnVN8\" target=\"_blank\" rel=\"noopener noreferrer\">10.8.2013 &#8211; 1. cvi\u010den\u00ed hasi\u010d\u016f s vodou\u00a0<\/a><\/p>\n<p><a href=\"https:\/\/goo.gl\/photos\/XV2jEv6ZRbaMJGYR8\" target=\"_blank\" rel=\"noopener noreferrer\">22.6.2013 SDH brig\u00e1da &#8211; \u010di\u0161t\u011bn\u00ed studny<\/a><\/p>\n<p><a href=\"https:\/\/goo.gl\/photos\/2MNZa5aTVsxp7pCVA\" target=\"_blank\" rel=\"noopener noreferrer\">15.6.2013 P\u0159\u00ed\u010dovy &#8211; n\u00e1v\u0161t\u011bva hasi\u010d\u016f na sout\u011b\u017ei o starost\u016fv poh\u00e1r<\/a><\/p>\n<p><a href=\"https:\/\/goo.gl\/photos\/sE9SbnuCFTw4zWM59\" target=\"_blank\" rel=\"noopener noreferrer\">2.6.2013 &#8211; prvn\u00ed ostr\u00fd z\u00e1sah SDH &#8211; zatopen\u00e9 sklepy v domech<\/a><\/p>\n<p><a href=\"https:\/\/goo.gl\/photos\/FVpLGjg4PJjJXcBn6\" target=\"_blank\" rel=\"noopener noreferrer\">25.5.2013 &#8211; SDH &#8211; zkou\u0161ka hadic a cvi\u010den\u00ed u \u0159eky<\/a><\/p>\n<p><a href=\"https:\/\/goo.gl\/photos\/svqjxmw8HGnzZjhp9\" target=\"_blank\" rel=\"noopener noreferrer\">11.5.2013 &#8211; SDH &#8211; n\u00e1v\u0161t\u011bva na okrskov\u00e9 sout\u011b\u017ei v Solopysk\u00e1ch<\/a><\/p>\n<p><a href=\"https:\/\/goo.gl\/photos\/13SA3vyVMw8p4H6Z7\" target=\"_blank\" rel=\"noopener noreferrer\">5.5.2013 &#8211; SDH &#8211; zkou\u0161ka techniky u \u0159eky<\/a><\/p>\n<p><a href=\"http:\/\/pepes11.rajce.idnes.cz\/Carodejnice_2013_Zvirotice\" target=\"_blank\" rel=\"noopener noreferrer\">30.4.2013 &#8211; \u010carod\u011bjnice<\/a><\/p>\n<p><a href=\"https:\/\/goo.gl\/photos\/UXZa3H2Hz8FV41HW6\" target=\"_blank\" rel=\"noopener noreferrer\">27.4.2013 &#8211; brig\u00e1da hasi\u010d\u016f a myslivc\u016f &#8211; \u00faklid obce<\/a><\/p>\n<p><a href=\"https:\/\/goo.gl\/photos\/zaY7zy2QcLS9x2Q3A\" target=\"_blank\" rel=\"noopener noreferrer\">9.3.2013 &#8211; SDH &#8211; brig\u00e1da vyklizen\u00ed &#8222;skuhrovny&#8220;<\/a><\/p>\n<p><a href=\"https:\/\/goo.gl\/photos\/gzN6qfjvNhQ6fQwH9\" target=\"_blank\" rel=\"noopener noreferrer\">3.2.2013 &#8211; SDH &#8211; sch\u016fze<\/a><\/p>\n<p><a href=\"https:\/\/goo.gl\/photos\/82XSGEN8x4frUhEW9\" target=\"_blank\" rel=\"noopener noreferrer\">2.2.2013 &#8211; SDH &#8211; brig\u00e1da \u00faklid gar\u00e1\u017ee<\/a><\/p>\n<p><em><strong>Rok 2012<\/strong><\/em><\/p>\n<p><a href=\"http:\/\/pepes11.rajce.idnes.cz\/PRSICKAR_27.10.2012_ZVIROTICE\/\" target=\"_blank\" rel=\"noopener noreferrer\">27.10.2012 Zv\u00edrotick\u00fd pr\u0161\u00ed\u010dk\u00e1\u0159<\/a><\/p>\n<p><a href=\"http:\/\/pepes11.rajce.idnes.cz\/POVLTAVSKY_VODNIK_14.7.2012\/\" target=\"_blank\" rel=\"noopener noreferrer\">14.7.2012 Vodn\u00edk &#8211; nohejbal<\/a><\/p>\n<p><a href=\"http:\/\/pepes11.rajce.idnes.cz\/DETSKY_DEN_2.6.2012_ZVIROTICE\" target=\"_blank\" rel=\"noopener noreferrer\">2.6.2012 D\u011btsk\u00fd den<\/a><\/p>\n<p><a href=\"https:\/\/plus.google.com\/photos\/118275310420001965370\/albums\/5749785649677180369?banner=pwa\" target=\"_blank\" rel=\"noopener noreferrer\">2.6.2012 D\u011btsk\u00fd den &#8211; dal\u0161\u00ed fotky<\/a><\/p>\n<p><a href=\"https:\/\/plus.google.com\/photos\/118275310420001965370\/albums\/5747183763117445361?banner=pwa\" target=\"_blank\" rel=\"noopener noreferrer\">28.5.2012 Grilov\u00e1n\u00ed pras\u00e1tka<\/a><\/p>\n<p><a href=\"https:\/\/plus.google.com\/photos\/118275310420001965370\/albums\/5747572822898407441?banner=pwa\" target=\"_blank\" rel=\"noopener noreferrer\">26.5.2012 Paintball v Praze<\/a><\/p>\n<p><a href=\"http:\/\/pepes11.rajce.idnes.cz\/CARODEJNICE_30.4.2012_Zvirotice\/\" target=\"_blank\" rel=\"noopener noreferrer\">30.4.2012 \u010carod\u011bjnice <\/a><\/p>\n<p><a href=\"https:\/\/plus.google.com\/photos\/118275310420001965370\/albums\/5747576016725147169?banner=pwa\" target=\"_blank\" rel=\"noopener noreferrer\">29.4.2012 Fotb\u00e1lek srandamatch<\/a><\/p>\n<p><a href=\"http:\/\/pepes11.rajce.idnes.cz\/Zviroticky_prsickar_2012_15ty_rocnik\/\" target=\"_blank\" rel=\"noopener noreferrer\">7.4.2012 Zv\u00edrotick\u00fd pr\u0161\u00ed\u010dk\u00e1\u0159<\/a><\/p>\n<p><a href=\"http:\/\/pepes11.rajce.idnes.cz\/Zaverecna_sedma_alias_pecena_kolena\/\">10.3.2012 Z\u00e1v\u011bre\u010dn\u00e1 sedma alias pe\u010den\u00e1 kolena<\/a><\/p>\n<p><em><strong>P\u0159ed rokem 2012<\/strong><\/em><\/p>\n<p><a href=\"http:\/\/pepes11.rajce.idnes.cz\/brigada_26.3.2011\/\">Brig\u00e1da 26.3.2011<\/a><\/p>\n<p><a href=\"http:\/\/pepes11.rajce.idnes.cz\/POVLTAVSKY_VODNIK_9.7.2011\/\">POVLTAVSK\u00dd VODN\u00cdK 9.7.2011<\/a><\/p>\n<p><a href=\"http:\/\/pepes11.rajce.idnes.cz\/brigada_26.3.2011\/\" target=\"_blank\" rel=\"noopener noreferrer\">26.3.2011 Brig\u00e1da<\/a><\/p>\n<p><a href=\"http:\/\/pepes11.rajce.idnes.cz\/Hrimezdice_AMFORA_12.9.2010\/\">H\u0159\u00edm\u011b\u017edice AMFORA 12.9.2010<\/a><\/p>\n<p><a href=\"http:\/\/pepes11.rajce.idnes.cz\/VODNIK_2010_17.7.2010\/\">VODN\u00cdK 2010 17.7.2010<\/a><\/p>\n<p><a href=\"http:\/\/pepes11.rajce.idnes.cz\/Zviroticky_prsickar_24.10.2009\/\">Zv\u00edrotick\u00fd pr\u0161\u00ed\u010dk\u00e1\u0159 24.10.2009<\/a><\/p>\n<p><a href=\"http:\/\/pepes11.rajce.idnes.cz\/11.4.2009.PRSICKAR\/\">11.4.2009.PRSICKAR<\/a><\/p>\n<p><a href=\"http:\/\/pepes11.rajce.idnes.cz\/PRSICKAR_1.11.2008_ZVIROTICE\/\">PR\u0160\u00cd\u010cK\u00c1\u0158 1.11.2008 ZVIROTICE<\/a><\/p>\n","protected":false},"excerpt":{"rendered":"<p>Fotogalerie z akc\u00ed, kter\u00e9 se po\u0159\u00e1daly u n\u00e1s, nebo z n\u011bjak\u00e9ho d\u016fvodu jsou n\u00e1m bl\u00edzk\u00e9.. Rok 2018 15.9.2018 Brig\u00e1da &#8211; \u00faprava ter\u00e9nu u hasi\u010d\u00e1rny 31.3.2018 Zv\u00edrotick\u00fd pr\u0161\u00ed\u010dk\u00e1\u0159 25.3.2018 Zkou\u0161ka hasi\u010dsk\u00e9 st\u0159\u00edka\u010dky po oprav\u011b 24.3.2018&#46;&#46;&#46;<\/p>\n","protected":false},"author":4,"featured_media":0,"parent":0,"menu_order":0,"comment_status":"closed","ping_status":"closed","template":"","meta":{"footnotes":""},"class_list":["post-506","page","type-page","status-publish","hentry"],"_links":{"self":[{"href":"https:\/\/www.zvirotice.cz\/index.php?rest_route=\/wp\/v2\/pages\/506","targetHints":{"allow":["GET"]}}],"collection":[{"href":"https:\/\/www.zvirotice.cz\/index.php?rest_route=\/wp\/v2\/pages"}],"about":[{"href":"https:\/\/www.zvirotice.cz\/index.php?rest_route=\/wp\/v2\/types\/page"}],"author":[{"embeddable":true,"href":"https:\/\/www.zvirotice.cz\/index.php?rest_route=\/wp\/v2\/users\/4"}],"replies":[{"embeddable":true,"href":"https:\/\/www.zvirotice.cz\/index.php?rest_route=%2Fwp%2Fv2%2Fcomments&post=506"}],"version-history":[{"count":20,"href":"https:\/\/www.zvirotice.cz\/index.php?rest_route=\/wp\/v2\/pages\/506\/revisions"}],"predecessor-version":[{"id":1322,"href":"https:\/\/www.zvirotice.cz\/index.php?rest_route=\/wp\/v2\/pages\/506\/revisions\/1322"}],"wp:attachment":[{"href":"https:\/\/www.zvirotice.cz\/index.php?rest_route=%2Fwp%2Fv2%2Fmedia&parent=506"}],"curies":[{"name":"wp","href":"https:\/\/api.w.org\/{rel}","templated":true}]}}