{"id":594,"date":"2013-05-24T18:27:12","date_gmt":"2013-05-24T16:27:12","guid":{"rendered":"http:\/\/www.zvirotice.cz\/?page_id=594"},"modified":"2021-07-14T10:04:39","modified_gmt":"2021-07-14T08:04:39","slug":"rocnik-2012-2013","status":"publish","type":"page","link":"https:\/\/www.zvirotice.cz\/?page_id=594","title":{"rendered":"Ro\u010dn\u00edk 2012 &#8211; 2013"},"content":{"rendered":"<table style=\"width: 486px;\" border=\"1\" cellspacing=\"0\" cellpadding=\"0\">\n<colgroup>\n<col width=\"33\" \/>\n<col width=\"76\" \/>\n<col width=\"48\" \/>\n<col width=\"90\" \/>\n<col width=\"39\" \/>\n<col width=\"16\" \/>\n<col span=\"2\" width=\"78\" \/>\n<col width=\"28\" \/> <\/colgroup>\n<tbody>\n<tr>\n<td width=\"33\" height=\"17\"><\/td>\n<td colspan=\"3\" width=\"214\">2012-2013 ZV\u00cdROTICK\u00c1 SEDMA<\/td>\n<td width=\"39\"><\/td>\n<td width=\"16\"><\/td>\n<td width=\"78\"><\/td>\n<td width=\"78\"><\/td>\n<td width=\"28\"><\/td>\n<\/tr>\n<tr>\n<td height=\"17\"><\/td>\n<td>Tabulka po 14 kole<\/td>\n<td><\/td>\n<td><\/td>\n<td><\/td>\n<td><\/td>\n<td><\/td>\n<td><\/td>\n<td><\/td>\n<\/tr>\n<tr>\n<td height=\"17\"><\/td>\n<td><\/td>\n<td><\/td>\n<td><\/td>\n<td><\/td>\n<td><\/td>\n<td><\/td>\n<td><\/td>\n<td><\/td>\n<\/tr>\n<tr>\n<td height=\"17\">po\u0159.<\/td>\n<td>n\u00e1zev<\/td>\n<td>z\u00e1pasy<\/td>\n<td>sk\u00f3re pom.bod\u016f<\/td>\n<td>\u00a0\u00a0 body<\/td>\n<td><\/td>\n<td><\/td>\n<td><\/td>\n<td><\/td>\n<\/tr>\n<tr>\n<td height=\"17\">1<\/td>\n<td>P\u0159\u00ed\u010dovy B<\/td>\n<td>14<\/td>\n<td>46-24<\/td>\n<td>20<\/td>\n<td><\/td>\n<td>Sedl\u010dany<\/td>\n<td>P\u0159\u00ed\u010dovy C<\/td>\n<td>3&#215;2<\/td>\n<\/tr>\n<tr>\n<td height=\"17\">2<\/td>\n<td>Zvirotice\u00a0 2<\/td>\n<td>14<\/td>\n<td>41-29<\/td>\n<td>20<\/td>\n<td><\/td>\n<td>P\u0159\u00ed\u010dovy B<\/td>\n<td>Zvirotice\u00a0 1<\/td>\n<td>2&#215;3<\/td>\n<\/tr>\n<tr>\n<td height=\"17\">3<\/td>\n<td>Zvirotice\u00a0 1<\/td>\n<td>14<\/td>\n<td>39-31<\/td>\n<td>20<\/td>\n<td><\/td>\n<td>Dublovice\u00a0 1<\/td>\n<td>Dublovice\u00a0 2<\/td>\n<td>3&#215;2<\/td>\n<\/tr>\n<tr>\n<td height=\"17\">4<\/td>\n<td>P\u0159\u00ed\u010dovy C<\/td>\n<td>14<\/td>\n<td>36-34<\/td>\n<td>14<\/td>\n<td><\/td>\n<td>Zvirotice\u00a0 2<\/td>\n<td>Dublovice\u00a0 3<\/td>\n<td>3&#215;2<\/td>\n<\/tr>\n<tr>\n<td height=\"17\">5<\/td>\n<td>Dublovice 2<\/td>\n<td>14<\/td>\n<td>31-39<\/td>\n<td>14<\/td>\n<td><\/td>\n<td><\/td>\n<td><\/td>\n<td><\/td>\n<\/tr>\n<tr>\n<td height=\"17\">6<\/td>\n<td>Dublovice\u00a0 1<\/td>\n<td>14<\/td>\n<td>33-37<\/td>\n<td>12<\/td>\n<td><\/td>\n<td><\/td>\n<td><\/td>\n<td><\/td>\n<\/tr>\n<tr>\n<td height=\"17\">7<\/td>\n<td>Sedl\u010dany<\/td>\n<td>14<\/td>\n<td>31-39<\/td>\n<td>6<\/td>\n<td><\/td>\n<td><\/td>\n<td><\/td>\n<td><\/td>\n<\/tr>\n<tr>\n<td height=\"17\">8<\/td>\n<td>Dublovice\u00a0 3<\/td>\n<td>14<\/td>\n<td>23-47<\/td>\n<td>6<\/td>\n<td><\/td>\n<td><\/td>\n<td><\/td>\n<td><\/td>\n<\/tr>\n<\/tbody>\n<\/table>\n<p>Celkov\u00e1 tabulka v\u00fdsledk\u016f ke sta\u017een\u00ed je zde: <a href=\"https:\/\/www.zvirotice.cz\/wp-content\/uploads\/2013\/05\/tabulka-2012-2013.pdf\">tabulka 2012-2013<\/a><br \/>\nTabulka sk\u00f3re jednotliv\u00fdch hr\u00e1\u010d\u016f je ke sta\u017een\u00ed zde: <a href=\"https:\/\/www.zvirotice.cz\/wp-content\/uploads\/2013\/05\/skore-hr\u00e1\u010d\u016f-2012-2013.pdf\">skore hr\u00e1\u010d\u016f 2012-2013<\/a><\/p>\n<p>&nbsp;<\/p>\n","protected":false},"excerpt":{"rendered":"<p>2012-2013 ZV\u00cdROTICK\u00c1 SEDMA Tabulka po 14 kole po\u0159. n\u00e1zev z\u00e1pasy sk\u00f3re pom.bod\u016f \u00a0\u00a0 body 1 P\u0159\u00ed\u010dovy B 14 46-24 20 Sedl\u010dany P\u0159\u00ed\u010dovy C 3&#215;2 2 Zvirotice\u00a0 2 14 41-29 20 P\u0159\u00ed\u010dovy B Zvirotice\u00a0 1&#46;&#46;&#46;<\/p>\n","protected":false},"author":4,"featured_media":0,"parent":590,"menu_order":0,"comment_status":"closed","ping_status":"closed","template":"","meta":{"footnotes":""},"class_list":["post-594","page","type-page","status-publish","hentry"],"_links":{"self":[{"href":"https:\/\/www.zvirotice.cz\/index.php?rest_route=\/wp\/v2\/pages\/594","targetHints":{"allow":["GET"]}}],"collection":[{"href":"https:\/\/www.zvirotice.cz\/index.php?rest_route=\/wp\/v2\/pages"}],"about":[{"href":"https:\/\/www.zvirotice.cz\/index.php?rest_route=\/wp\/v2\/types\/page"}],"author":[{"embeddable":true,"href":"https:\/\/www.zvirotice.cz\/index.php?rest_route=\/wp\/v2\/users\/4"}],"replies":[{"embeddable":true,"href":"https:\/\/www.zvirotice.cz\/index.php?rest_route=%2Fwp%2Fv2%2Fcomments&post=594"}],"version-history":[{"count":12,"href":"https:\/\/www.zvirotice.cz\/index.php?rest_route=\/wp\/v2\/pages\/594\/revisions"}],"predecessor-version":[{"id":857,"href":"https:\/\/www.zvirotice.cz\/index.php?rest_route=\/wp\/v2\/pages\/594\/revisions\/857"}],"up":[{"embeddable":true,"href":"https:\/\/www.zvirotice.cz\/index.php?rest_route=\/wp\/v2\/pages\/590"}],"wp:attachment":[{"href":"https:\/\/www.zvirotice.cz\/index.php?rest_route=%2Fwp%2Fv2%2Fmedia&parent=594"}],"curies":[{"name":"wp","href":"https:\/\/api.w.org\/{rel}","templated":true}]}}