{"id":823,"date":"2014-05-07T13:34:13","date_gmt":"2014-05-07T11:34:13","guid":{"rendered":"http:\/\/www.zvirotice.cz\/?page_id=823"},"modified":"2021-07-14T10:04:44","modified_gmt":"2021-07-14T08:04:44","slug":"rocnik-2013-2014","status":"publish","type":"page","link":"https:\/\/www.zvirotice.cz\/?page_id=823","title":{"rendered":"Ro\u010dn\u00edk 2013-2014"},"content":{"rendered":"<p>Zde je tabulka v\u00fdsledk\u016f turnaje Zv\u00edrotick\u00e1 sedma po uplynul\u00e9 sez\u00f3n\u011b 2013-2014.<\/p>\n<p>Fin\u00e1ln\u00ed v\u00fdsledky po 14. kole<\/p>\n<table style=\"height: 260px; width: 452px;\" border=\"2\" width=\"442\">\n<thead>\n<tr>\n<td style=\"width: 72px; text-align: center;\" width=\"72\">Po\u0159ad\u00ed<\/td>\n<td style=\"width: 72px; text-align: center;\" width=\"194\">n\u00e1zev mu\u017estva<\/td>\n<td style=\"width: 72px; text-align: center;\" width=\"64\">z\u00e1pasy<\/td>\n<td style=\"width: 72px; text-align: center;\" width=\"108\">sk\u00f3re pom.bod\u016f<\/td>\n<td style=\"width: 72px; text-align: center;\" width=\"64\">body<\/td>\n<\/tr>\n<\/thead>\n<tbody>\n<tr>\n<td style=\"width: 72px; text-align: center;\">1<\/td>\n<td style=\"width: 72px; text-align: center;\">ZV\u00cdROTICE 1<\/td>\n<td style=\"width: 72px; text-align: center;\">14<\/td>\n<td style=\"width: 72px; text-align: center;\">36-34<\/td>\n<td style=\"width: 72px; text-align: center;\">18<\/td>\n<\/tr>\n<tr>\n<td style=\"width: 72px; text-align: center;\">2<\/td>\n<td style=\"width: 72px; text-align: center;\">ZV\u00cdROTICE 2<\/td>\n<td style=\"width: 72px; text-align: center;\">14<\/td>\n<td style=\"width: 72px; text-align: center;\">33-37<\/td>\n<td style=\"width: 72px; text-align: center;\">16<\/td>\n<\/tr>\n<tr>\n<td style=\"width: 72px; text-align: center;\">3<\/td>\n<td style=\"width: 72px; text-align: center;\">DUBLOVICE 1<\/td>\n<td style=\"width: 72px; text-align: center;\">14<\/td>\n<td style=\"width: 72px; text-align: center;\">38-32<\/td>\n<td style=\"width: 72px; text-align: center;\">14<\/td>\n<\/tr>\n<tr>\n<td style=\"width: 72px; text-align: center;\">4<\/td>\n<td style=\"width: 72px; text-align: center;\">SEDL\u010cANY<\/td>\n<td style=\"width: 72px; text-align: center;\">14<\/td>\n<td style=\"width: 72px; text-align: center;\">37-33<\/td>\n<td style=\"width: 72px; text-align: center;\">14<\/td>\n<\/tr>\n<tr>\n<td style=\"width: 72px; text-align: center;\">5-6<\/td>\n<td style=\"width: 72px; text-align: center;\">DUBLOVICE 2<\/td>\n<td style=\"width: 72px; text-align: center;\">14<\/td>\n<td style=\"width: 72px; text-align: center;\">35-35<\/td>\n<td style=\"width: 72px; text-align: center;\">14<\/td>\n<\/tr>\n<tr>\n<td style=\"width: 72px; text-align: center;\">5-6<\/td>\n<td style=\"width: 72px; text-align: center;\">P\u0158\u00cd\u010cOVY B<\/td>\n<td style=\"width: 72px; text-align: center;\">14<\/td>\n<td style=\"width: 72px; text-align: center;\">35-35<\/td>\n<td style=\"width: 72px; text-align: center;\">14<\/td>\n<\/tr>\n<tr>\n<td style=\"width: 72px; text-align: center;\">7<\/td>\n<td style=\"width: 72px; text-align: center;\">DUBLOVICE 3<\/td>\n<td style=\"width: 72px; text-align: center;\">14<\/td>\n<td style=\"width: 72px; text-align: center;\">31-39<\/td>\n<td style=\"width: 72px; text-align: center;\">12<\/td>\n<\/tr>\n<tr>\n<td style=\"width: 72px; text-align: center;\">8<\/td>\n<td style=\"width: 72px; text-align: center;\">P\u0158\u00cd\u010cOVY C<\/td>\n<td style=\"width: 72px; text-align: center;\">14<\/td>\n<td style=\"width: 72px; text-align: center;\">35-35<\/td>\n<td style=\"width: 72px; text-align: center;\">10<\/td>\n<\/tr>\n<\/tbody>\n<\/table>\n<p><a href=\"https:\/\/www.zvirotice.cz\/wp-content\/uploads\/2014\/05\/tabulka-2013-2014.xls\"><br \/>\n<\/a>Kompletn\u00ed v\u00fdsledkov\u00e1 tabulka ke sta\u017een\u00ed je<a href=\"https:\/\/www.zvirotice.cz\/wp-content\/uploads\/2014\/05\/tabulka-2013-2014.xls\"> ZDE.<br \/>\n<\/a>Tabulka sk\u00f3re jednotliv\u00fdch hr\u00e1\u010d\u016f ke sta\u017een\u00ed je zde: <a href=\"https:\/\/www.zvirotice.cz\/wp-content\/uploads\/2014\/05\/sk\u00f3re-hra\u010d\u00fa-2013-2014.pdf\">sk\u00f3re hr\u00e1\u010d\u016f 2013-2014<\/a><\/p>\n","protected":false},"excerpt":{"rendered":"<p>Zde je tabulka v\u00fdsledk\u016f turnaje Zv\u00edrotick\u00e1 sedma po uplynul\u00e9 sez\u00f3n\u011b 2013-2014. Fin\u00e1ln\u00ed v\u00fdsledky po 14. kole Po\u0159ad\u00ed n\u00e1zev mu\u017estva z\u00e1pasy sk\u00f3re pom.bod\u016f body 1 ZV\u00cdROTICE 1 14 36-34 18 2 ZV\u00cdROTICE 2 14 33-37&#46;&#46;&#46;<\/p>\n","protected":false},"author":4,"featured_media":0,"parent":590,"menu_order":0,"comment_status":"closed","ping_status":"closed","template":"","meta":{"footnotes":""},"class_list":["post-823","page","type-page","status-publish","hentry"],"_links":{"self":[{"href":"https:\/\/www.zvirotice.cz\/index.php?rest_route=\/wp\/v2\/pages\/823","targetHints":{"allow":["GET"]}}],"collection":[{"href":"https:\/\/www.zvirotice.cz\/index.php?rest_route=\/wp\/v2\/pages"}],"about":[{"href":"https:\/\/www.zvirotice.cz\/index.php?rest_route=\/wp\/v2\/types\/page"}],"author":[{"embeddable":true,"href":"https:\/\/www.zvirotice.cz\/index.php?rest_route=\/wp\/v2\/users\/4"}],"replies":[{"embeddable":true,"href":"https:\/\/www.zvirotice.cz\/index.php?rest_route=%2Fwp%2Fv2%2Fcomments&post=823"}],"version-history":[{"count":5,"href":"https:\/\/www.zvirotice.cz\/index.php?rest_route=\/wp\/v2\/pages\/823\/revisions"}],"predecessor-version":[{"id":851,"href":"https:\/\/www.zvirotice.cz\/index.php?rest_route=\/wp\/v2\/pages\/823\/revisions\/851"}],"up":[{"embeddable":true,"href":"https:\/\/www.zvirotice.cz\/index.php?rest_route=\/wp\/v2\/pages\/590"}],"wp:attachment":[{"href":"https:\/\/www.zvirotice.cz\/index.php?rest_route=%2Fwp%2Fv2%2Fmedia&parent=823"}],"curies":[{"name":"wp","href":"https:\/\/api.w.org\/{rel}","templated":true}]}}