{"id":842,"date":"2014-12-02T19:08:46","date_gmt":"2014-12-02T18:08:46","guid":{"rendered":"http:\/\/www.zvirotice.cz\/?page_id=842"},"modified":"2021-07-14T10:04:49","modified_gmt":"2021-07-14T08:04:49","slug":"rocnik-2014-2014","status":"publish","type":"page","link":"https:\/\/www.zvirotice.cz\/?page_id=842","title":{"rendered":"Ro\u010dn\u00edk 2014-2015"},"content":{"rendered":"<p>Zde najdete pr\u016fb\u011b\u017en\u00e9 v\u00fdsledky aktu\u00e1ln\u011b kon\u010d\u00edc\u00edho turnaje v sedm\u011b.<\/p>\n<p><a href=\"https:\/\/www.zvirotice.cz\/wp-content\/uploads\/2014\/12\/sedma_tabulka-2014-2015.pdf\">tabulka 2014-2015<\/a> (klikn\u011bte pro sta\u017een\u00ed tabulky v PDF form\u00e1tu)<\/p>\n<p>Sk\u00f3re hr\u00e1\u010d\u016f najdete <a href=\"https:\/\/www.zvirotice.cz\/wp-content\/uploads\/2016\/01\/2014-2015-skore-hr\u00e1\u010d\u016f.pdf\">ZDE.<\/a><\/p>\n","protected":false},"excerpt":{"rendered":"<p>Zde najdete pr\u016fb\u011b\u017en\u00e9 v\u00fdsledky aktu\u00e1ln\u011b kon\u010d\u00edc\u00edho turnaje v sedm\u011b. tabulka 2014-2015 (klikn\u011bte pro sta\u017een\u00ed tabulky v PDF form\u00e1tu) Sk\u00f3re hr\u00e1\u010d\u016f najdete ZDE.<\/p>\n","protected":false},"author":4,"featured_media":0,"parent":590,"menu_order":0,"comment_status":"closed","ping_status":"closed","template":"","meta":{"footnotes":""},"class_list":["post-842","page","type-page","status-publish","hentry"],"_links":{"self":[{"href":"https:\/\/www.zvirotice.cz\/index.php?rest_route=\/wp\/v2\/pages\/842","targetHints":{"allow":["GET"]}}],"collection":[{"href":"https:\/\/www.zvirotice.cz\/index.php?rest_route=\/wp\/v2\/pages"}],"about":[{"href":"https:\/\/www.zvirotice.cz\/index.php?rest_route=\/wp\/v2\/types\/page"}],"author":[{"embeddable":true,"href":"https:\/\/www.zvirotice.cz\/index.php?rest_route=\/wp\/v2\/users\/4"}],"replies":[{"embeddable":true,"href":"https:\/\/www.zvirotice.cz\/index.php?rest_route=%2Fwp%2Fv2%2Fcomments&post=842"}],"version-history":[{"count":7,"href":"https:\/\/www.zvirotice.cz\/index.php?rest_route=\/wp\/v2\/pages\/842\/revisions"}],"predecessor-version":[{"id":984,"href":"https:\/\/www.zvirotice.cz\/index.php?rest_route=\/wp\/v2\/pages\/842\/revisions\/984"}],"up":[{"embeddable":true,"href":"https:\/\/www.zvirotice.cz\/index.php?rest_route=\/wp\/v2\/pages\/590"}],"wp:attachment":[{"href":"https:\/\/www.zvirotice.cz\/index.php?rest_route=%2Fwp%2Fv2%2Fmedia&parent=842"}],"curies":[{"name":"wp","href":"https:\/\/api.w.org\/{rel}","templated":true}]}}